{"id":655,"date":"2021-12-03T12:03:01","date_gmt":"2021-12-03T10:03:01","guid":{"rendered":"https:\/\/africamper.com\/?page_id=655"},"modified":"2021-12-03T12:03:01","modified_gmt":"2021-12-03T10:03:01","slug":"disclaimer","status":"publish","type":"page","link":"https:\/\/africamper.com\/de\/disclaimer\/","title":{"rendered":"Haftungsausschluss"},"content":{"rendered":"<section class=\"wpb-content-wrapper\">\n<div  data-mk-full-width=\"true\" data-mk-full-width-init=\"false\" class=\"wpb_row vc_row vc_row-fluid jupiter-donut- mk-fullwidth-true  attched-false vehicles-heading   vc_custom_1637241902955  js-master-row\">\n\t\t\t<div class=\"mk-grid\">\n\t\t\t\t<style id=\"mk-shortcode-style-69dc4b404b2a6\" type=\"text\/css\"><\/style>\n<div class=\"vc_col-sm-12 wpb_column column_container  jupiter-donut- _ jupiter-donut-height-full\">\n\t\n<div id=\"padding-69dc4b404c011\" class=\"mk-padding-divider jupiter-donut-  jupiter-donut-clearfix\"><\/div>\n\n<style id=\"mk-shortcode-style-69dc4b404c011\" type=\"text\/css\">#padding-69dc4b404c011 { height:20px; }<\/style>\n\n<div class=\"wpb_row vc_inner vc_row vc_row-fluid jupiter-donut-   attched-false\">\n\t\t\t<div class=\"wpb_column vc_column_container vc_col-sm-6\"><div class=\"vc_column-inner\"><div class=\"wpb_wrapper\"><style id=\"mk-shortcode-style-69dc4b404e00e\" type=\"text\/css\">#text-block-69dc4b404e00e { margin-bottom:0px; text-align:left; }<\/style>\t<div class=\"vc_custom_1638525774969\">\n\n<div id=\"text-block-69dc4b404e00e\" class=\"mk-text-block  jupiter-donut-\">\n\n\t\n\t<h3><span style=\"font-size: 30px;\">Haftungsausschluss<\/span><\/h3>\n\n\t<div class=\"clearboth\"><\/div>\n<\/div>\n\n\t<\/div>\n<\/div><\/div><\/div><div class=\"wpb_column vc_column_container vc_col-sm-6\"><div class=\"vc_column-inner\"><div class=\"wpb_wrapper\"><\/div><\/div><\/div>\t<\/div>\n<\/div>\n\t\t\t<\/div>\n\t<\/div>\n<div class=\"vc_row-full-width vc_clearfix\"><\/div>\n<div  data-mk-full-width=\"true\" data-mk-full-width-init=\"false\" class=\"wpb_row vc_row vc_row-fluid jupiter-donut- mk-fullwidth-true  attched-false    vc_custom_1637229411091  js-master-row\">\n\t\t\t<div class=\"mk-grid\">\n\t\t\t\t<style id=\"mk-shortcode-style-69dc4b404ef67\" type=\"text\/css\"><\/style>\n<div class=\"vc_col-sm-12 wpb_column column_container  jupiter-donut- _ jupiter-donut-height-full\">\n\t\n<div id=\"padding-69dc4b404f3b2\" class=\"mk-padding-divider jupiter-donut-  jupiter-donut-clearfix\"><\/div>\n\n<style id=\"mk-shortcode-style-69dc4b404f3b2\" type=\"text\/css\">#padding-69dc4b404f3b2 { height:32px; }<\/style>\n\n<div class=\"wpb_row vc_inner vc_row vc_row-fluid jupiter-donut-   attched-false\">\n\t\t\t<div class=\"wpb_column vc_column_container vc_col-sm-12\"><div class=\"vc_column-inner\"><div class=\"wpb_wrapper\"><style id=\"mk-shortcode-style-69dc4b404fc50\" type=\"text\/css\">#text-block-69dc4b404fc50 { margin-bottom:0px; text-align:left; }<\/style>\t<div class=\"vc_custom_1638525760836\">\n\n<div id=\"text-block-69dc4b404fc50\" class=\"mk-text-block  jupiter-donut-\">\n\n\t\n\t<p>Die auf dieser Website enthaltenen Informationen dienen ausschlie\u00dflich allgemeinen Informationszwecken. Die Informationen werden von Africamper bereitgestellt und obwohl wir uns bem\u00fchen, die Informationen aktuell und richtig zu halten, geben wir keine Zusicherungen oder Gew\u00e4hrleistungen jeglicher Art, weder ausdr\u00fccklich noch stillschweigend, hinsichtlich der Vollst\u00e4ndigkeit, Genauigkeit, Zuverl\u00e4ssigkeit, Eignung oder Verf\u00fcgbarkeit in Bezug auf die Website oder die auf der Website enthaltenen Informationen, Produkte, Dienstleistungen oder zugeh\u00f6rigen Grafiken f\u00fcr beliebige Zwecke. Jegliches Vertrauen, das Sie auf solche Informationen setzen, erfolgt daher ausschlie\u00dflich auf Ihr eigenes Risiko.<\/p>\n<p>In keinem Fall haften wir f\u00fcr Verluste oder Sch\u00e4den, einschlie\u00dflich, aber nicht beschr\u00e4nkt auf indirekte oder Folgesch\u00e4den oder Verluste oder Sch\u00e4den jeglicher Art, die sich aus Daten- oder Gewinnverlusten aus oder in Verbindung mit der Nutzung dieser Website ergeben .<\/p>\n<p>\u00dcber diese Website k\u00f6nnen Sie auf andere Websites verweisen, die nicht der Kontrolle von Africamper unterliegen. Wir haben keine Kontrolle \u00fcber die Art, den Inhalt und die Verf\u00fcgbarkeit dieser Websites. Die Aufnahme von Links impliziert nicht unbedingt eine Empfehlung oder unterst\u00fctzt die darin ge\u00e4u\u00dferten Ansichten.<\/p>\n<p>Es werden alle Anstrengungen unternommen, um einen reibungslosen Betrieb der Website zu gew\u00e4hrleisten. Africamper \u00fcbernimmt jedoch keine Verantwortung und Haftung daf\u00fcr, dass die Website aufgrund technischer Probleme au\u00dferhalb unserer Kontrolle vor\u00fcbergehend nicht verf\u00fcgbar ist.<\/p>\n<p>Danke f\u00fcr jetzt,<\/p>\n<p>The Africamper Team<\/p>\n\n\t<div class=\"clearboth\"><\/div>\n<\/div>\n\n\t<\/div>\n<\/div><\/div><\/div>\t<\/div>\n\n<div id=\"padding-69dc4b40500eb\" class=\"mk-padding-divider jupiter-donut-  jupiter-donut-clearfix\"><\/div>\n\n<style id=\"mk-shortcode-style-69dc4b40500eb\" type=\"text\/css\">#padding-69dc4b40500eb { height:100px; }<\/style><\/div>\n\t\t\t<\/div>\n\t<\/div>\n<div class=\"vc_row-full-width vc_clearfix\"><\/div>\n<\/section>","protected":false},"excerpt":{"rendered":"Disclaimer The information contained in this website is for general information purposes only. The information is provided by Africamper and while we endeavour to keep the information up to date and correct, we make no representations or warranties of any kind, express or implied, about the completeness, accuracy, reliability, suitability or availability with respect to [...]","protected":false},"author":1,"featured_media":0,"parent":0,"menu_order":0,"comment_status":"closed","ping_status":"closed","template":"","meta":{"_seopress_robots_primary_cat":"","_monsterinsights_skip_tracking":false,"_monsterinsights_sitenote_active":false,"_monsterinsights_sitenote_note":"","_monsterinsights_sitenote_category":0,"footnotes":""},"_links":{"self":[{"href":"https:\/\/africamper.com\/de\/wp-json\/wp\/v2\/pages\/655"}],"collection":[{"href":"https:\/\/africamper.com\/de\/wp-json\/wp\/v2\/pages"}],"about":[{"href":"https:\/\/africamper.com\/de\/wp-json\/wp\/v2\/types\/page"}],"author":[{"embeddable":true,"href":"https:\/\/africamper.com\/de\/wp-json\/wp\/v2\/users\/1"}],"replies":[{"embeddable":true,"href":"https:\/\/africamper.com\/de\/wp-json\/wp\/v2\/comments?post=655"}],"version-history":[{"count":1,"href":"https:\/\/africamper.com\/de\/wp-json\/wp\/v2\/pages\/655\/revisions"}],"predecessor-version":[{"id":656,"href":"https:\/\/africamper.com\/de\/wp-json\/wp\/v2\/pages\/655\/revisions\/656"}],"wp:attachment":[{"href":"https:\/\/africamper.com\/de\/wp-json\/wp\/v2\/media?parent=655"}],"curies":[{"name":"wp","href":"https:\/\/api.w.org\/{rel}","templated":true}]}}