{"id":655,"date":"2021-12-03T12:03:01","date_gmt":"2021-12-03T10:03:01","guid":{"rendered":"https:\/\/africamper.com\/?page_id=655"},"modified":"2021-12-03T12:03:01","modified_gmt":"2021-12-03T10:03:01","slug":"disclaimer","status":"publish","type":"page","link":"https:\/\/africamper.com\/fr\/disclaimer\/","title":{"rendered":"Clause de non-responsabilit\u00e9"},"content":{"rendered":"<section class=\"wpb-content-wrapper\">\n<div  data-mk-full-width=\"true\" data-mk-full-width-init=\"false\" class=\"wpb_row vc_row vc_row-fluid jupiter-donut- mk-fullwidth-true  attched-false vehicles-heading   vc_custom_1637241902955  js-master-row\">\n\t\t\t<div class=\"mk-grid\">\n\t\t\t\t<style id=\"mk-shortcode-style-69d66ac7c8001\" type=\"text\/css\"><\/style>\n<div class=\"vc_col-sm-12 wpb_column column_container  jupiter-donut- _ jupiter-donut-height-full\">\n\t\n<div id=\"padding-69d66ac7c8dd5\" class=\"mk-padding-divider jupiter-donut-  jupiter-donut-clearfix\"><\/div>\n\n<style id=\"mk-shortcode-style-69d66ac7c8dd5\" type=\"text\/css\">#padding-69d66ac7c8dd5 { height:20px; }<\/style>\n\n<div class=\"wpb_row vc_inner vc_row vc_row-fluid jupiter-donut-   attched-false\">\n\t\t\t<div class=\"wpb_column vc_column_container vc_col-sm-6\"><div class=\"vc_column-inner\"><div class=\"wpb_wrapper\"><style id=\"mk-shortcode-style-69d66ac7ca4e9\" type=\"text\/css\">#text-block-69d66ac7ca4e9 { margin-bottom:0px; text-align:left; }<\/style>\t<div class=\"vc_custom_1638525774969\">\n\n<div id=\"text-block-69d66ac7ca4e9\" class=\"mk-text-block  jupiter-donut-\">\n\n\t\n\t<h3><span style=\"font-size: 30px;\">Clause de non-responsabilit\u00e9<\/span><\/h3>\n\n\t<div class=\"clearboth\"><\/div>\n<\/div>\n\n\t<\/div>\n<\/div><\/div><\/div><div class=\"wpb_column vc_column_container vc_col-sm-6\"><div class=\"vc_column-inner\"><div class=\"wpb_wrapper\"><\/div><\/div><\/div>\t<\/div>\n<\/div>\n\t\t\t<\/div>\n\t<\/div>\n<div class=\"vc_row-full-width vc_clearfix\"><\/div>\n<div  data-mk-full-width=\"true\" data-mk-full-width-init=\"false\" class=\"wpb_row vc_row vc_row-fluid jupiter-donut- mk-fullwidth-true  attched-false    vc_custom_1637229411091  js-master-row\">\n\t\t\t<div class=\"mk-grid\">\n\t\t\t\t<style id=\"mk-shortcode-style-69d66ac7cb0a3\" type=\"text\/css\"><\/style>\n<div class=\"vc_col-sm-12 wpb_column column_container  jupiter-donut- _ jupiter-donut-height-full\">\n\t\n<div id=\"padding-69d66ac7cb541\" class=\"mk-padding-divider jupiter-donut-  jupiter-donut-clearfix\"><\/div>\n\n<style id=\"mk-shortcode-style-69d66ac7cb541\" type=\"text\/css\">#padding-69d66ac7cb541 { height:32px; }<\/style>\n\n<div class=\"wpb_row vc_inner vc_row vc_row-fluid jupiter-donut-   attched-false\">\n\t\t\t<div class=\"wpb_column vc_column_container vc_col-sm-12\"><div class=\"vc_column-inner\"><div class=\"wpb_wrapper\"><style id=\"mk-shortcode-style-69d66ac7cbb4e\" type=\"text\/css\">#text-block-69d66ac7cbb4e { margin-bottom:0px; text-align:left; }<\/style>\t<div class=\"vc_custom_1638525760836\">\n\n<div id=\"text-block-69d66ac7cbb4e\" class=\"mk-text-block  jupiter-donut-\">\n\n\t\n\t<p>Les informations contenues dans ce site Web sont uniquement \u00e0 des fins d'information g\u00e9n\u00e9rale. Les informations sont fournies par Africamper et bien que nous nous efforcions de maintenir les informations \u00e0 jour et correctes, nous ne faisons aucune d\u00e9claration ou garantie d'aucune sorte, expresse ou implicite, quant \u00e0 l'exhaustivit\u00e9, l'exactitude, la fiabilit\u00e9, la pertinence ou la disponibilit\u00e9 du site Web. ou les informations, produits, services ou graphiques associ\u00e9s contenus sur le site Web \u00e0 quelque fin que ce soit. Toute confiance que vous accordez \u00e0 ces informations est donc strictement \u00e0 vos risques et p\u00e9rils.<\/p>\n<p>En aucun cas, nous ne serons responsables de toute perte ou dommage, y compris, sans s'y limiter, les pertes ou dommages indirects ou cons\u00e9cutifs, ou toute perte ou dommage quelconque r\u00e9sultant de la perte de donn\u00e9es ou de b\u00e9n\u00e9fices r\u00e9sultant de, ou en relation avec, l'utilisation de ce site Web. .<\/p>\n<p>Gr\u00e2ce \u00e0 ce site Web, vous pouvez cr\u00e9er des liens vers d'autres sites Web qui ne sont pas sous le contr\u00f4le d'Africamper. Nous n'avons aucun contr\u00f4le sur la nature, le contenu et la disponibilit\u00e9 de ces sites. L'inclusion de liens n'implique pas n\u00e9cessairement une recommandation ou n'approuve pas les opinions qui y sont exprim\u00e9es.<\/p>\n<p>Tous les efforts sont faits pour que le site Web reste op\u00e9rationnel. Cependant, Africamper n'assume aucune responsabilit\u00e9 et ne sera pas responsable de l'indisponibilit\u00e9 temporaire du site Web en raison de probl\u00e8mes techniques ind\u00e9pendants de notre volont\u00e9.<\/p>\n<p>Merci pour le moment,<\/p>\n<p>The Africamper Team<\/p>\n\n\t<div class=\"clearboth\"><\/div>\n<\/div>\n\n\t<\/div>\n<\/div><\/div><\/div>\t<\/div>\n\n<div id=\"padding-69d66ac7cbf0c\" class=\"mk-padding-divider jupiter-donut-  jupiter-donut-clearfix\"><\/div>\n\n<style id=\"mk-shortcode-style-69d66ac7cbf0c\" type=\"text\/css\">#padding-69d66ac7cbf0c { height:100px; }<\/style><\/div>\n\t\t\t<\/div>\n\t<\/div>\n<div class=\"vc_row-full-width vc_clearfix\"><\/div>\n<\/section>","protected":false},"excerpt":{"rendered":"Disclaimer The information contained in this website is for general information purposes only. The information is provided by Africamper and while we endeavour to keep the information up to date and correct, we make no representations or warranties of any kind, express or implied, about the completeness, accuracy, reliability, suitability or availability with respect to [...]","protected":false},"author":1,"featured_media":0,"parent":0,"menu_order":0,"comment_status":"closed","ping_status":"closed","template":"","meta":{"_seopress_robots_primary_cat":"","_monsterinsights_skip_tracking":false,"_monsterinsights_sitenote_active":false,"_monsterinsights_sitenote_note":"","_monsterinsights_sitenote_category":0,"footnotes":""},"_links":{"self":[{"href":"https:\/\/africamper.com\/fr\/wp-json\/wp\/v2\/pages\/655"}],"collection":[{"href":"https:\/\/africamper.com\/fr\/wp-json\/wp\/v2\/pages"}],"about":[{"href":"https:\/\/africamper.com\/fr\/wp-json\/wp\/v2\/types\/page"}],"author":[{"embeddable":true,"href":"https:\/\/africamper.com\/fr\/wp-json\/wp\/v2\/users\/1"}],"replies":[{"embeddable":true,"href":"https:\/\/africamper.com\/fr\/wp-json\/wp\/v2\/comments?post=655"}],"version-history":[{"count":1,"href":"https:\/\/africamper.com\/fr\/wp-json\/wp\/v2\/pages\/655\/revisions"}],"predecessor-version":[{"id":656,"href":"https:\/\/africamper.com\/fr\/wp-json\/wp\/v2\/pages\/655\/revisions\/656"}],"wp:attachment":[{"href":"https:\/\/africamper.com\/fr\/wp-json\/wp\/v2\/media?parent=655"}],"curies":[{"name":"wp","href":"https:\/\/api.w.org\/{rel}","templated":true}]}}